{"id":127,"date":"2022-12-31T11:29:05","date_gmt":"2022-12-31T10:29:05","guid":{"rendered":"https:\/\/web.gruene-zug.ch\/muster\/?page_id=127"},"modified":"2023-01-01T16:25:44","modified_gmt":"2023-01-01T15:25:44","slug":"mitglied-werden","status":"publish","type":"page","link":"https:\/\/web.gruene-zug.ch\/muster\/startseite\/mitmachen\/mitglied-werden","title":{"rendered":"Ja, ich will Mitglied werden!"},"content":{"rendered":"","protected":false},"excerpt":{"rendered":"","protected":false},"author":4,"featured_media":37,"parent":27,"menu_order":0,"comment_status":"closed","ping_status":"closed","template":"","meta":{"_acf_changed":false,"inline_featured_image":false,"footnotes":""},"class_list":["post-127","page","type-page","status-publish","has-post-thumbnail","hentry"],"acf":[],"yoast_head":"<!-- This site is optimized with the Yoast SEO plugin v26.9 - https:\/\/yoast.com\/product\/yoast-seo-wordpress\/ -->\n<title>Ja, ich will Mitglied werden! - Musterseite<\/title>\n<meta name=\"description\" content=\"Unsere Bewegung lebt vom Einsatz seiner Mitglieder. Als Mitglied bei den ALTERNATIVEN - die GR\u00dcNEN Baar kannst du dich aktiv eibringen oder uns als passives Mitglied ausschliesslich mit deinem Beitrag und deiner Stimme unterst\u00fctzen.\u00a0Damit bringen wir gemeinsam sozial gerechten und \u00f6kologischen Wandel voran! Und du stehst ein f\u00fcr eine offene und solidarische Gesellschaft. Als Mitglied kannst du mitreden, mitentscheiden sowie tatkr\u00e4ftig bei Aktionen mithelfen. Und du kommst mit vielen spannenden und engagierten Menschen in Kontakt. Gemeinsam sind wir stark. Wir freuen uns auf dich!\" \/>\n<meta name=\"robots\" content=\"index, follow, max-snippet:-1, max-image-preview:large, max-video-preview:-1\" \/>\n<link rel=\"canonical\" href=\"https:\/\/web.gruene-zug.ch\/muster\/startseite\/mitmachen\/mitglied-werden\" \/>\n<meta property=\"og:locale\" content=\"de_DE\" \/>\n<meta property=\"og:type\" content=\"article\" \/>\n<meta property=\"og:title\" content=\"Ja, ich will Mitglied werden! - Musterseite\" \/>\n<meta property=\"og:description\" content=\"Unsere Bewegung lebt vom Einsatz seiner Mitglieder. Als Mitglied bei den ALTERNATIVEN - die GR\u00dcNEN Baar kannst du dich aktiv eibringen \u2026\" \/>\n<meta property=\"og:url\" content=\"https:\/\/web.gruene-zug.ch\/muster\/startseite\/mitmachen\/mitglied-werden\" \/>\n<meta property=\"og:site_name\" content=\"Musterseite\" \/>\n<meta property=\"article:publisher\" content=\"https:\/\/www.facebook.com\/AlternativeZug\" \/>\n<meta property=\"article:modified_time\" content=\"2023-01-01T15:25:44+00:00\" \/>\n<meta property=\"og:image\" content=\"https:\/\/web.gruene-zug.ch\/muster\/wp-content\/uploads\/sites\/2\/2022\/12\/Klimademo_Gruene-2140_1-1680x0-c-default-1200x0-c-default.jpg\" \/>\n\t<meta property=\"og:image:width\" content=\"1200\" \/>\n\t<meta property=\"og:image:height\" content=\"539\" \/>\n\t<meta property=\"og:image:type\" content=\"image\/jpeg\" \/>\n<meta name=\"twitter:card\" content=\"summary_large_image\" \/>\n<meta name=\"twitter:site\" content=\"@AlternativeZG\" \/>\n<script type=\"application\/ld+json\" class=\"yoast-schema-graph\">{\"@context\":\"https:\/\/schema.org\",\"@graph\":[{\"@type\":\"WebPage\",\"@id\":\"https:\/\/web.gruene-zug.ch\/muster\/startseite\/mitmachen\/mitglied-werden\",\"url\":\"https:\/\/web.gruene-zug.ch\/muster\/startseite\/mitmachen\/mitglied-werden\",\"name\":\"Ja, ich will Mitglied werden! - Musterseite\",\"isPartOf\":{\"@id\":\"https:\/\/web.gruene-zug.ch\/muster\/#website\"},\"primaryImageOfPage\":{\"@id\":\"https:\/\/web.gruene-zug.ch\/muster\/startseite\/mitmachen\/mitglied-werden#primaryimage\"},\"image\":{\"@id\":\"https:\/\/web.gruene-zug.ch\/muster\/startseite\/mitmachen\/mitglied-werden#primaryimage\"},\"thumbnailUrl\":\"https:\/\/web.gruene-zug.ch\/muster\/wp-content\/uploads\/sites\/2\/2022\/12\/Klimademo_Gruene-2140_1-1680x0-c-default-1024x0-c-default.jpg\",\"datePublished\":\"2022-12-31T10:29:05+00:00\",\"dateModified\":\"2023-01-01T15:25:44+00:00\",\"description\":\"Unsere Bewegung lebt vom Einsatz seiner Mitglieder. Als Mitglied bei den ALTERNATIVEN - die GR\u00dcNEN Baar kannst du dich aktiv eibringen oder uns als passives Mitglied ausschliesslich mit deinem Beitrag und deiner Stimme unterst\u00fctzen.\u00a0Damit bringen wir gemeinsam sozial gerechten und \u00f6kologischen Wandel voran! Und du stehst ein f\u00fcr eine offene und solidarische Gesellschaft. Als Mitglied kannst du mitreden, mitentscheiden sowie tatkr\u00e4ftig bei Aktionen mithelfen. Und du kommst mit vielen spannenden und engagierten Menschen in Kontakt. Gemeinsam sind wir stark. Wir freuen uns auf dich!\",\"breadcrumb\":{\"@id\":\"https:\/\/web.gruene-zug.ch\/muster\/startseite\/mitmachen\/mitglied-werden#breadcrumb\"},\"inLanguage\":\"de\",\"potentialAction\":[{\"@type\":\"ReadAction\",\"target\":[\"https:\/\/web.gruene-zug.ch\/muster\/startseite\/mitmachen\/mitglied-werden\"]}]},{\"@type\":\"ImageObject\",\"inLanguage\":\"de\",\"@id\":\"https:\/\/web.gruene-zug.ch\/muster\/startseite\/mitmachen\/mitglied-werden#primaryimage\",\"url\":\"https:\/\/web.gruene-zug.ch\/muster\/wp-content\/uploads\/sites\/2\/2022\/12\/Klimademo_Gruene-2140_1-1680x0-c-default-1024x0-c-default.jpg\",\"contentUrl\":\"https:\/\/web.gruene-zug.ch\/muster\/wp-content\/uploads\/sites\/2\/2022\/12\/Klimademo_Gruene-2140_1-1680x0-c-default-1024x0-c-default.jpg\",\"width\":1680,\"height\":754},{\"@type\":\"BreadcrumbList\",\"@id\":\"https:\/\/web.gruene-zug.ch\/muster\/startseite\/mitmachen\/mitglied-werden#breadcrumb\",\"itemListElement\":[{\"@type\":\"ListItem\",\"position\":1,\"name\":\"Startseite\",\"item\":\"https:\/\/web.gruene-zug.ch\/muster\/\"},{\"@type\":\"ListItem\",\"position\":2,\"name\":\"Startseite\",\"item\":\"https:\/\/web.gruene-zug.ch\/muster\/\"},{\"@type\":\"ListItem\",\"position\":3,\"name\":\"Mitmachen\",\"item\":\"https:\/\/web.gruene-zug.ch\/muster\/startseite\/mitmachen\"},{\"@type\":\"ListItem\",\"position\":4,\"name\":\"Ja, ich will Mitglied werden!\"}]},{\"@type\":\"WebSite\",\"@id\":\"https:\/\/web.gruene-zug.ch\/muster\/#website\",\"url\":\"https:\/\/web.gruene-zug.ch\/muster\/\",\"name\":\"Musterseite\",\"description\":\"Alternative &ndash; die GR\u00dcNEN Zug\",\"publisher\":{\"@id\":\"https:\/\/web.gruene-zug.ch\/muster\/#organization\"},\"potentialAction\":[{\"@type\":\"SearchAction\",\"target\":{\"@type\":\"EntryPoint\",\"urlTemplate\":\"https:\/\/web.gruene-zug.ch\/muster\/?s={search_term_string}\"},\"query-input\":{\"@type\":\"PropertyValueSpecification\",\"valueRequired\":true,\"valueName\":\"search_term_string\"}}],\"inLanguage\":\"de\"},{\"@type\":\"Organization\",\"@id\":\"https:\/\/web.gruene-zug.ch\/muster\/#organization\",\"name\":\"Musterseite\",\"url\":\"https:\/\/web.gruene-zug.ch\/muster\/\",\"logo\":{\"@type\":\"ImageObject\",\"inLanguage\":\"de\",\"@id\":\"https:\/\/web.gruene-zug.ch\/muster\/#\/schema\/logo\/image\/\",\"url\":\"https:\/\/web.gruene-zug.ch\/muster\/wp-content\/uploads\/sites\/2\/2022\/11\/alternative-dark.svg\",\"contentUrl\":\"https:\/\/web.gruene-zug.ch\/muster\/wp-content\/uploads\/sites\/2\/2022\/11\/alternative-dark.svg\",\"width\":1200,\"height\":320,\"caption\":\"Musterseite\"},\"image\":{\"@id\":\"https:\/\/web.gruene-zug.ch\/muster\/#\/schema\/logo\/image\/\"},\"sameAs\":[\"https:\/\/www.facebook.com\/AlternativeZug\",\"https:\/\/x.com\/AlternativeZG\"]}]}<\/script>\n<!-- \/ Yoast SEO plugin. -->","yoast_head_json":{"title":"Ja, ich will Mitglied werden! - Musterseite","description":"Unsere Bewegung lebt vom Einsatz seiner Mitglieder. Als Mitglied bei den ALTERNATIVEN - die GR\u00dcNEN Baar kannst du dich aktiv eibringen oder uns als passives Mitglied ausschliesslich mit deinem Beitrag und deiner Stimme unterst\u00fctzen.\u00a0Damit bringen wir gemeinsam sozial gerechten und \u00f6kologischen Wandel voran! Und du stehst ein f\u00fcr eine offene und solidarische Gesellschaft. Als Mitglied kannst du mitreden, mitentscheiden sowie tatkr\u00e4ftig bei Aktionen mithelfen. Und du kommst mit vielen spannenden und engagierten Menschen in Kontakt. Gemeinsam sind wir stark. Wir freuen uns auf dich!","robots":{"index":"index","follow":"follow","max-snippet":"max-snippet:-1","max-image-preview":"max-image-preview:large","max-video-preview":"max-video-preview:-1"},"canonical":"https:\/\/web.gruene-zug.ch\/muster\/startseite\/mitmachen\/mitglied-werden","og_locale":"de_DE","og_type":"article","og_title":"Ja, ich will Mitglied werden! - Musterseite","og_description":"Unsere Bewegung lebt vom Einsatz seiner Mitglieder. Als Mitglied bei den ALTERNATIVEN - die GR\u00dcNEN Baar kannst du dich aktiv eibringen \u2026","og_url":"https:\/\/web.gruene-zug.ch\/muster\/startseite\/mitmachen\/mitglied-werden","og_site_name":"Musterseite","article_publisher":"https:\/\/www.facebook.com\/AlternativeZug","article_modified_time":"2023-01-01T15:25:44+00:00","og_image":[{"width":1200,"height":539,"url":"https:\/\/web.gruene-zug.ch\/muster\/wp-content\/uploads\/sites\/2\/2022\/12\/Klimademo_Gruene-2140_1-1680x0-c-default-1200x0-c-default.jpg","type":"image\/jpeg"}],"twitter_card":"summary_large_image","twitter_site":"@AlternativeZG","schema":{"@context":"https:\/\/schema.org","@graph":[{"@type":"WebPage","@id":"https:\/\/web.gruene-zug.ch\/muster\/startseite\/mitmachen\/mitglied-werden","url":"https:\/\/web.gruene-zug.ch\/muster\/startseite\/mitmachen\/mitglied-werden","name":"Ja, ich will Mitglied werden! - Musterseite","isPartOf":{"@id":"https:\/\/web.gruene-zug.ch\/muster\/#website"},"primaryImageOfPage":{"@id":"https:\/\/web.gruene-zug.ch\/muster\/startseite\/mitmachen\/mitglied-werden#primaryimage"},"image":{"@id":"https:\/\/web.gruene-zug.ch\/muster\/startseite\/mitmachen\/mitglied-werden#primaryimage"},"thumbnailUrl":"https:\/\/web.gruene-zug.ch\/muster\/wp-content\/uploads\/sites\/2\/2022\/12\/Klimademo_Gruene-2140_1-1680x0-c-default-1024x0-c-default.jpg","datePublished":"2022-12-31T10:29:05+00:00","dateModified":"2023-01-01T15:25:44+00:00","description":"Unsere Bewegung lebt vom Einsatz seiner Mitglieder. Als Mitglied bei den ALTERNATIVEN - die GR\u00dcNEN Baar kannst du dich aktiv eibringen oder uns als passives Mitglied ausschliesslich mit deinem Beitrag und deiner Stimme unterst\u00fctzen.\u00a0Damit bringen wir gemeinsam sozial gerechten und \u00f6kologischen Wandel voran! Und du stehst ein f\u00fcr eine offene und solidarische Gesellschaft. Als Mitglied kannst du mitreden, mitentscheiden sowie tatkr\u00e4ftig bei Aktionen mithelfen. Und du kommst mit vielen spannenden und engagierten Menschen in Kontakt. Gemeinsam sind wir stark. Wir freuen uns auf dich!","breadcrumb":{"@id":"https:\/\/web.gruene-zug.ch\/muster\/startseite\/mitmachen\/mitglied-werden#breadcrumb"},"inLanguage":"de","potentialAction":[{"@type":"ReadAction","target":["https:\/\/web.gruene-zug.ch\/muster\/startseite\/mitmachen\/mitglied-werden"]}]},{"@type":"ImageObject","inLanguage":"de","@id":"https:\/\/web.gruene-zug.ch\/muster\/startseite\/mitmachen\/mitglied-werden#primaryimage","url":"https:\/\/web.gruene-zug.ch\/muster\/wp-content\/uploads\/sites\/2\/2022\/12\/Klimademo_Gruene-2140_1-1680x0-c-default-1024x0-c-default.jpg","contentUrl":"https:\/\/web.gruene-zug.ch\/muster\/wp-content\/uploads\/sites\/2\/2022\/12\/Klimademo_Gruene-2140_1-1680x0-c-default-1024x0-c-default.jpg","width":1680,"height":754},{"@type":"BreadcrumbList","@id":"https:\/\/web.gruene-zug.ch\/muster\/startseite\/mitmachen\/mitglied-werden#breadcrumb","itemListElement":[{"@type":"ListItem","position":1,"name":"Startseite","item":"https:\/\/web.gruene-zug.ch\/muster\/"},{"@type":"ListItem","position":2,"name":"Startseite","item":"https:\/\/web.gruene-zug.ch\/muster\/"},{"@type":"ListItem","position":3,"name":"Mitmachen","item":"https:\/\/web.gruene-zug.ch\/muster\/startseite\/mitmachen"},{"@type":"ListItem","position":4,"name":"Ja, ich will Mitglied werden!"}]},{"@type":"WebSite","@id":"https:\/\/web.gruene-zug.ch\/muster\/#website","url":"https:\/\/web.gruene-zug.ch\/muster\/","name":"Musterseite","description":"Alternative &ndash; die GR\u00dcNEN Zug","publisher":{"@id":"https:\/\/web.gruene-zug.ch\/muster\/#organization"},"potentialAction":[{"@type":"SearchAction","target":{"@type":"EntryPoint","urlTemplate":"https:\/\/web.gruene-zug.ch\/muster\/?s={search_term_string}"},"query-input":{"@type":"PropertyValueSpecification","valueRequired":true,"valueName":"search_term_string"}}],"inLanguage":"de"},{"@type":"Organization","@id":"https:\/\/web.gruene-zug.ch\/muster\/#organization","name":"Musterseite","url":"https:\/\/web.gruene-zug.ch\/muster\/","logo":{"@type":"ImageObject","inLanguage":"de","@id":"https:\/\/web.gruene-zug.ch\/muster\/#\/schema\/logo\/image\/","url":"https:\/\/web.gruene-zug.ch\/muster\/wp-content\/uploads\/sites\/2\/2022\/11\/alternative-dark.svg","contentUrl":"https:\/\/web.gruene-zug.ch\/muster\/wp-content\/uploads\/sites\/2\/2022\/11\/alternative-dark.svg","width":1200,"height":320,"caption":"Musterseite"},"image":{"@id":"https:\/\/web.gruene-zug.ch\/muster\/#\/schema\/logo\/image\/"},"sameAs":["https:\/\/www.facebook.com\/AlternativeZug","https:\/\/x.com\/AlternativeZG"]}]}},"_links":{"self":[{"href":"https:\/\/web.gruene-zug.ch\/muster\/wp-json\/wp\/v2\/pages\/127","targetHints":{"allow":["GET"]}}],"collection":[{"href":"https:\/\/web.gruene-zug.ch\/muster\/wp-json\/wp\/v2\/pages"}],"about":[{"href":"https:\/\/web.gruene-zug.ch\/muster\/wp-json\/wp\/v2\/types\/page"}],"author":[{"embeddable":true,"href":"https:\/\/web.gruene-zug.ch\/muster\/wp-json\/wp\/v2\/users\/4"}],"replies":[{"embeddable":true,"href":"https:\/\/web.gruene-zug.ch\/muster\/wp-json\/wp\/v2\/comments?post=127"}],"version-history":[{"count":13,"href":"https:\/\/web.gruene-zug.ch\/muster\/wp-json\/wp\/v2\/pages\/127\/revisions"}],"predecessor-version":[{"id":244,"href":"https:\/\/web.gruene-zug.ch\/muster\/wp-json\/wp\/v2\/pages\/127\/revisions\/244"}],"up":[{"embeddable":true,"href":"https:\/\/web.gruene-zug.ch\/muster\/wp-json\/wp\/v2\/pages\/27"}],"wp:featuredmedia":[{"embeddable":true,"href":"https:\/\/web.gruene-zug.ch\/muster\/wp-json\/wp\/v2\/media\/37"}],"wp:attachment":[{"href":"https:\/\/web.gruene-zug.ch\/muster\/wp-json\/wp\/v2\/media?parent=127"}],"curies":[{"name":"wp","href":"https:\/\/api.w.org\/{rel}","templated":true}]}}