{"id":27,"date":"2022-12-29T11:28:42","date_gmt":"2022-12-29T10:28:42","guid":{"rendered":"https:\/\/web.gruene-zug.ch\/muster\/?page_id=27"},"modified":"2022-12-29T11:28:42","modified_gmt":"2022-12-29T10:28:42","slug":"mitmachen","status":"publish","type":"page","link":"https:\/\/web.gruene-zug.ch\/muster\/startseite\/mitmachen","title":{"rendered":"Mitmachen"},"content":{"rendered":"","protected":false},"excerpt":{"rendered":"","protected":false},"author":4,"featured_media":37,"parent":20,"menu_order":0,"comment_status":"closed","ping_status":"closed","template":"","meta":{"_acf_changed":false,"inline_featured_image":false,"footnotes":""},"class_list":["post-27","page","type-page","status-publish","has-post-thumbnail","hentry"],"acf":[],"yoast_head":"<!-- This site is optimized with the Yoast SEO plugin v26.9 - https:\/\/yoast.com\/product\/yoast-seo-wordpress\/ -->\n<title>Mitmachen - Musterseite<\/title>\n<meta name=\"description\" content=\"Jetzt aktiv werden! Werde Mitglied bei den Alternativen - die Gr\u00fcnen Baar. Setze Dich ein, f\u00fcr eine soziale und \u00f6kologische Politik in Baar und im Kanton Zug. Als Mitglied der ALG Baar ist auch die Mitgliedschaft der ALG Zug und der GR\u00dcNEN Schweiz inklusive.\" \/>\n<meta name=\"robots\" content=\"index, follow, max-snippet:-1, max-image-preview:large, max-video-preview:-1\" \/>\n<link rel=\"canonical\" href=\"https:\/\/web.gruene-zug.ch\/muster\/startseite\/mitmachen\" \/>\n<meta property=\"og:locale\" content=\"de_DE\" \/>\n<meta property=\"og:type\" content=\"article\" \/>\n<meta property=\"og:title\" content=\"Mitmachen - Musterseite\" \/>\n<meta property=\"og:description\" content=\"Jetzt aktiv werden! Werde Mitglied bei den Alternativen - die Gr\u00fcnen Baar. Setze Dich ein, f\u00fcr eine soziale und \u00f6kologische Politik in \u2026\" \/>\n<meta property=\"og:url\" content=\"https:\/\/web.gruene-zug.ch\/muster\/startseite\/mitmachen\" \/>\n<meta property=\"og:site_name\" content=\"Musterseite\" \/>\n<meta property=\"article:publisher\" content=\"https:\/\/www.facebook.com\/AlternativeZug\" \/>\n<meta property=\"og:image\" content=\"https:\/\/web.gruene-zug.ch\/muster\/wp-content\/uploads\/sites\/2\/2022\/12\/Klimademo_Gruene-2140_1-1680x0-c-default-1200x0-c-default.jpg\" \/>\n\t<meta property=\"og:image:width\" content=\"1200\" \/>\n\t<meta property=\"og:image:height\" content=\"539\" \/>\n\t<meta property=\"og:image:type\" content=\"image\/jpeg\" \/>\n<meta name=\"twitter:card\" content=\"summary_large_image\" \/>\n<meta name=\"twitter:site\" content=\"@AlternativeZG\" \/>\n<script type=\"application\/ld+json\" class=\"yoast-schema-graph\">{\"@context\":\"https:\/\/schema.org\",\"@graph\":[{\"@type\":\"WebPage\",\"@id\":\"https:\/\/web.gruene-zug.ch\/muster\/startseite\/mitmachen\",\"url\":\"https:\/\/web.gruene-zug.ch\/muster\/startseite\/mitmachen\",\"name\":\"Mitmachen - Musterseite\",\"isPartOf\":{\"@id\":\"https:\/\/web.gruene-zug.ch\/muster\/#website\"},\"primaryImageOfPage\":{\"@id\":\"https:\/\/web.gruene-zug.ch\/muster\/startseite\/mitmachen#primaryimage\"},\"image\":{\"@id\":\"https:\/\/web.gruene-zug.ch\/muster\/startseite\/mitmachen#primaryimage\"},\"thumbnailUrl\":\"https:\/\/web.gruene-zug.ch\/muster\/wp-content\/uploads\/sites\/2\/2022\/12\/Klimademo_Gruene-2140_1-1680x0-c-default-1024x0-c-default.jpg\",\"datePublished\":\"2022-12-29T10:28:42+00:00\",\"description\":\"Jetzt aktiv werden! Werde Mitglied bei den Alternativen - die Gr\u00fcnen Baar. Setze Dich ein, f\u00fcr eine soziale und \u00f6kologische Politik in Baar und im Kanton Zug. Als Mitglied der ALG Baar ist auch die Mitgliedschaft der ALG Zug und der GR\u00dcNEN Schweiz inklusive.\",\"breadcrumb\":{\"@id\":\"https:\/\/web.gruene-zug.ch\/muster\/startseite\/mitmachen#breadcrumb\"},\"inLanguage\":\"de\",\"potentialAction\":[{\"@type\":\"ReadAction\",\"target\":[\"https:\/\/web.gruene-zug.ch\/muster\/startseite\/mitmachen\"]}]},{\"@type\":\"ImageObject\",\"inLanguage\":\"de\",\"@id\":\"https:\/\/web.gruene-zug.ch\/muster\/startseite\/mitmachen#primaryimage\",\"url\":\"https:\/\/web.gruene-zug.ch\/muster\/wp-content\/uploads\/sites\/2\/2022\/12\/Klimademo_Gruene-2140_1-1680x0-c-default-1024x0-c-default.jpg\",\"contentUrl\":\"https:\/\/web.gruene-zug.ch\/muster\/wp-content\/uploads\/sites\/2\/2022\/12\/Klimademo_Gruene-2140_1-1680x0-c-default-1024x0-c-default.jpg\",\"width\":1680,\"height\":754},{\"@type\":\"BreadcrumbList\",\"@id\":\"https:\/\/web.gruene-zug.ch\/muster\/startseite\/mitmachen#breadcrumb\",\"itemListElement\":[{\"@type\":\"ListItem\",\"position\":1,\"name\":\"Startseite\",\"item\":\"https:\/\/web.gruene-zug.ch\/muster\/\"},{\"@type\":\"ListItem\",\"position\":2,\"name\":\"Startseite\",\"item\":\"https:\/\/web.gruene-zug.ch\/muster\/\"},{\"@type\":\"ListItem\",\"position\":3,\"name\":\"Mitmachen\"}]},{\"@type\":\"WebSite\",\"@id\":\"https:\/\/web.gruene-zug.ch\/muster\/#website\",\"url\":\"https:\/\/web.gruene-zug.ch\/muster\/\",\"name\":\"Musterseite\",\"description\":\"Alternative &ndash; die GR\u00dcNEN Zug\",\"publisher\":{\"@id\":\"https:\/\/web.gruene-zug.ch\/muster\/#organization\"},\"potentialAction\":[{\"@type\":\"SearchAction\",\"target\":{\"@type\":\"EntryPoint\",\"urlTemplate\":\"https:\/\/web.gruene-zug.ch\/muster\/?s={search_term_string}\"},\"query-input\":{\"@type\":\"PropertyValueSpecification\",\"valueRequired\":true,\"valueName\":\"search_term_string\"}}],\"inLanguage\":\"de\"},{\"@type\":\"Organization\",\"@id\":\"https:\/\/web.gruene-zug.ch\/muster\/#organization\",\"name\":\"Musterseite\",\"url\":\"https:\/\/web.gruene-zug.ch\/muster\/\",\"logo\":{\"@type\":\"ImageObject\",\"inLanguage\":\"de\",\"@id\":\"https:\/\/web.gruene-zug.ch\/muster\/#\/schema\/logo\/image\/\",\"url\":\"https:\/\/web.gruene-zug.ch\/muster\/wp-content\/uploads\/sites\/2\/2022\/11\/alternative-dark.svg\",\"contentUrl\":\"https:\/\/web.gruene-zug.ch\/muster\/wp-content\/uploads\/sites\/2\/2022\/11\/alternative-dark.svg\",\"width\":1200,\"height\":320,\"caption\":\"Musterseite\"},\"image\":{\"@id\":\"https:\/\/web.gruene-zug.ch\/muster\/#\/schema\/logo\/image\/\"},\"sameAs\":[\"https:\/\/www.facebook.com\/AlternativeZug\",\"https:\/\/x.com\/AlternativeZG\"]}]}<\/script>\n<!-- \/ Yoast SEO plugin. -->","yoast_head_json":{"title":"Mitmachen - Musterseite","description":"Jetzt aktiv werden! Werde Mitglied bei den Alternativen - die Gr\u00fcnen Baar. Setze Dich ein, f\u00fcr eine soziale und \u00f6kologische Politik in Baar und im Kanton Zug. Als Mitglied der ALG Baar ist auch die Mitgliedschaft der ALG Zug und der GR\u00dcNEN Schweiz inklusive.","robots":{"index":"index","follow":"follow","max-snippet":"max-snippet:-1","max-image-preview":"max-image-preview:large","max-video-preview":"max-video-preview:-1"},"canonical":"https:\/\/web.gruene-zug.ch\/muster\/startseite\/mitmachen","og_locale":"de_DE","og_type":"article","og_title":"Mitmachen - Musterseite","og_description":"Jetzt aktiv werden! Werde Mitglied bei den Alternativen - die Gr\u00fcnen Baar. Setze Dich ein, f\u00fcr eine soziale und \u00f6kologische Politik in \u2026","og_url":"https:\/\/web.gruene-zug.ch\/muster\/startseite\/mitmachen","og_site_name":"Musterseite","article_publisher":"https:\/\/www.facebook.com\/AlternativeZug","og_image":[{"width":1200,"height":539,"url":"https:\/\/web.gruene-zug.ch\/muster\/wp-content\/uploads\/sites\/2\/2022\/12\/Klimademo_Gruene-2140_1-1680x0-c-default-1200x0-c-default.jpg","type":"image\/jpeg"}],"twitter_card":"summary_large_image","twitter_site":"@AlternativeZG","schema":{"@context":"https:\/\/schema.org","@graph":[{"@type":"WebPage","@id":"https:\/\/web.gruene-zug.ch\/muster\/startseite\/mitmachen","url":"https:\/\/web.gruene-zug.ch\/muster\/startseite\/mitmachen","name":"Mitmachen - Musterseite","isPartOf":{"@id":"https:\/\/web.gruene-zug.ch\/muster\/#website"},"primaryImageOfPage":{"@id":"https:\/\/web.gruene-zug.ch\/muster\/startseite\/mitmachen#primaryimage"},"image":{"@id":"https:\/\/web.gruene-zug.ch\/muster\/startseite\/mitmachen#primaryimage"},"thumbnailUrl":"https:\/\/web.gruene-zug.ch\/muster\/wp-content\/uploads\/sites\/2\/2022\/12\/Klimademo_Gruene-2140_1-1680x0-c-default-1024x0-c-default.jpg","datePublished":"2022-12-29T10:28:42+00:00","description":"Jetzt aktiv werden! Werde Mitglied bei den Alternativen - die Gr\u00fcnen Baar. Setze Dich ein, f\u00fcr eine soziale und \u00f6kologische Politik in Baar und im Kanton Zug. Als Mitglied der ALG Baar ist auch die Mitgliedschaft der ALG Zug und der GR\u00dcNEN Schweiz inklusive.","breadcrumb":{"@id":"https:\/\/web.gruene-zug.ch\/muster\/startseite\/mitmachen#breadcrumb"},"inLanguage":"de","potentialAction":[{"@type":"ReadAction","target":["https:\/\/web.gruene-zug.ch\/muster\/startseite\/mitmachen"]}]},{"@type":"ImageObject","inLanguage":"de","@id":"https:\/\/web.gruene-zug.ch\/muster\/startseite\/mitmachen#primaryimage","url":"https:\/\/web.gruene-zug.ch\/muster\/wp-content\/uploads\/sites\/2\/2022\/12\/Klimademo_Gruene-2140_1-1680x0-c-default-1024x0-c-default.jpg","contentUrl":"https:\/\/web.gruene-zug.ch\/muster\/wp-content\/uploads\/sites\/2\/2022\/12\/Klimademo_Gruene-2140_1-1680x0-c-default-1024x0-c-default.jpg","width":1680,"height":754},{"@type":"BreadcrumbList","@id":"https:\/\/web.gruene-zug.ch\/muster\/startseite\/mitmachen#breadcrumb","itemListElement":[{"@type":"ListItem","position":1,"name":"Startseite","item":"https:\/\/web.gruene-zug.ch\/muster\/"},{"@type":"ListItem","position":2,"name":"Startseite","item":"https:\/\/web.gruene-zug.ch\/muster\/"},{"@type":"ListItem","position":3,"name":"Mitmachen"}]},{"@type":"WebSite","@id":"https:\/\/web.gruene-zug.ch\/muster\/#website","url":"https:\/\/web.gruene-zug.ch\/muster\/","name":"Musterseite","description":"Alternative &ndash; die GR\u00dcNEN Zug","publisher":{"@id":"https:\/\/web.gruene-zug.ch\/muster\/#organization"},"potentialAction":[{"@type":"SearchAction","target":{"@type":"EntryPoint","urlTemplate":"https:\/\/web.gruene-zug.ch\/muster\/?s={search_term_string}"},"query-input":{"@type":"PropertyValueSpecification","valueRequired":true,"valueName":"search_term_string"}}],"inLanguage":"de"},{"@type":"Organization","@id":"https:\/\/web.gruene-zug.ch\/muster\/#organization","name":"Musterseite","url":"https:\/\/web.gruene-zug.ch\/muster\/","logo":{"@type":"ImageObject","inLanguage":"de","@id":"https:\/\/web.gruene-zug.ch\/muster\/#\/schema\/logo\/image\/","url":"https:\/\/web.gruene-zug.ch\/muster\/wp-content\/uploads\/sites\/2\/2022\/11\/alternative-dark.svg","contentUrl":"https:\/\/web.gruene-zug.ch\/muster\/wp-content\/uploads\/sites\/2\/2022\/11\/alternative-dark.svg","width":1200,"height":320,"caption":"Musterseite"},"image":{"@id":"https:\/\/web.gruene-zug.ch\/muster\/#\/schema\/logo\/image\/"},"sameAs":["https:\/\/www.facebook.com\/AlternativeZug","https:\/\/x.com\/AlternativeZG"]}]}},"_links":{"self":[{"href":"https:\/\/web.gruene-zug.ch\/muster\/wp-json\/wp\/v2\/pages\/27","targetHints":{"allow":["GET"]}}],"collection":[{"href":"https:\/\/web.gruene-zug.ch\/muster\/wp-json\/wp\/v2\/pages"}],"about":[{"href":"https:\/\/web.gruene-zug.ch\/muster\/wp-json\/wp\/v2\/types\/page"}],"author":[{"embeddable":true,"href":"https:\/\/web.gruene-zug.ch\/muster\/wp-json\/wp\/v2\/users\/4"}],"replies":[{"embeddable":true,"href":"https:\/\/web.gruene-zug.ch\/muster\/wp-json\/wp\/v2\/comments?post=27"}],"version-history":[{"count":7,"href":"https:\/\/web.gruene-zug.ch\/muster\/wp-json\/wp\/v2\/pages\/27\/revisions"}],"predecessor-version":[{"id":57,"href":"https:\/\/web.gruene-zug.ch\/muster\/wp-json\/wp\/v2\/pages\/27\/revisions\/57"}],"up":[{"embeddable":true,"href":"https:\/\/web.gruene-zug.ch\/muster\/wp-json\/wp\/v2\/pages\/20"}],"wp:featuredmedia":[{"embeddable":true,"href":"https:\/\/web.gruene-zug.ch\/muster\/wp-json\/wp\/v2\/media\/37"}],"wp:attachment":[{"href":"https:\/\/web.gruene-zug.ch\/muster\/wp-json\/wp\/v2\/media?parent=27"}],"curies":[{"name":"wp","href":"https:\/\/api.w.org\/{rel}","templated":true}]}}